{"id":5005,"date":"2019-04-09T09:56:36","date_gmt":"2019-04-09T09:56:36","guid":{"rendered":"http:\/\/berguedaturismerural.com\/entorn\/"},"modified":"2023-02-01T11:37:24","modified_gmt":"2023-02-01T11:37:24","slug":"entorn","status":"publish","type":"page","link":"https:\/\/berguedaturismerural.com\/es\/entorn\/","title":{"rendered":"Entorno"},"content":{"rendered":"<p>[vc_row full_width=\u00bbstretch_row_content_no_spaces\u00bb full_height=\u00bbyes\u00bb parallax=\u00bbcontent-moving\u00bb disable_element=\u00bbyes\u00bb css=\u00bb.vc_custom_1554885867916{background-image: url(http:\/\/berguedaturismerural.com\/wp-content\/uploads\/2017\/05\/property-01.jpg?id=47) !important;background-position: center;background-repeat: no-repeat !important;background-size: cover !important;}\u00bb el_id=\u00bbhome\u00bb][vc_column][g5plus_property_info address=\u00bb6035 W North Ave, Chicago, IL, United States\u00bb title=\u00bbApartment Morden 6035 W North Ave\u00bb price=\u00bb$136,020&#8243; after_price=\u00bbSale\u00bb values=\u00bb%5B%7B%22key%22%3A%22Area%22%2C%22value%22%3A%22320sqFt%22%2C%22icon_font%22%3A%22icon-blueprint%22%7D%2C%7B%22key%22%3A%22Bedroom%22%2C%22value%22%3A%223%22%2C%22icon_font%22%3A%22icon-room-bed%22%7D%2C%7B%22key%22%3A%22Bathroom%22%2C%22value%22%3A%222%22%2C%22icon_font%22%3A%22icon-bath%22%7D%2C%7B%22key%22%3A%22Garage%22%2C%22value%22%3A%221%22%2C%22icon_font%22%3A%22icon-garage%22%7D%5D\u00bb][\/vc_column][\/vc_row][vc_row full_width=\u00bbstretch_row\u00bb css=\u00bb.vc_custom_1554885958372{background-position: 0 0 !important;background-repeat: no-repeat !important;}\u00bb el_id=\u00bbabout\u00bb el_class=\u00bbbackground-position-right\u00bb][vc_column][g5plus_space desktop=\u00bb100&#8243; tablet=\u00bb80&#8243; tablet_portrait=\u00bb60&#8243; mobile_landscape=\u00bb50&#8243; mobile=\u00bb40&#8243;][vc_column_text el_class=\u00bbtext-center\u00bb]<\/p>\n<h3 class=\"fs-32\" style=\"max-width: 600px; margin: auto; padding-bottom: 20px;\">Cosas a hacer al\u00a0<span class=\"accent-color\">Bergued\u00e0.<\/span><\/h3>\n<p style=\"max-width: 690px; margin: auto;\">Inf\u00f3rmate de todo lo que puedes hacer en el pueblo de Avi\u00e0 y en la comarca del Bergued\u00e0.<\/p>\n<p>[\/vc_column_text][g5plus_space desktop=\u00bb60&#8243; tablet=\u00bb50&#8243; tablet_portrait=\u00bb40&#8243; mobile_landscape=\u00bb40&#8243; mobile=\u00bb40&#8243;][\/vc_column][\/vc_row][vc_row full_width=\u00bbstretch_row\u00bb css=\u00bb.vc_custom_1496114516116{background-image: url(http:\/\/berguedaturismerural.com\/wp-content\/uploads\/2017\/05\/background-counter.jpg?id=58) !important;background-position: 0 0 !important;background-repeat: repeat !important;}\u00bb][vc_column][g5plus_space desktop=\u00bb103&#8243; tablet=\u00bb85&#8243; tablet_portrait=\u00bb65&#8243; mobile_landscape=\u00bb45&#8243; mobile=\u00bb45&#8243;][g5plus_heading sub_title=\u00bbTodo lo que puedes hacer en el pueblo de Avi\u00e0\u00bb title=\u00bbAVI\u00c0\u00bb text_align=\u00bbtext-center\u00bb][g5plus_space desktop=\u00bb60&#8243; tablet=\u00bb60&#8243; tablet_portrait=\u00bb40&#8243; mobile_landscape=\u00bb30&#8243; mobile=\u00bb30&#8243;][vc_row_inner][vc_column_inner width=\u00bb1\/4&#8243;][g5plus_heading layout_style=\u00bbstyle2&#8243; title=\u00bbSanta Maria d&#8217;Avi\u00e0\u00bb][g5plus_space desktop=\u00bb30&#8243; tablet=\u00bb30&#8243; tablet_portrait=\u00bb30&#8243; mobile_landscape=\u00bb30&#8243; mobile=\u00bb30&#8243;][vc_single_image image=\u00bb4851&#8243; img_size=\u00bb280&#215;160&#8243; onclick=\u00bbcustom_link\u00bb img_link_target=\u00bb_blank\u00bb link=\u00bbhttp:\/\/www.avia.cat\/visitans\/llocs-dinteres\/santa-maria-davia-.html\u00bb][\/vc_column_inner][vc_column_inner width=\u00bb1\/4&#8243;][g5plus_heading layout_style=\u00bbstyle2&#8243; title=\u00bbLlac de Graugers\u00bb][g5plus_space desktop=\u00bb30&#8243; tablet=\u00bb30&#8243; tablet_portrait=\u00bb30&#8243; mobile_landscape=\u00bb30&#8243; mobile=\u00bb30&#8243;][vc_single_image image=\u00bb4850&#8243; img_size=\u00bb280&#215;160&#8243; onclick=\u00bbcustom_link\u00bb img_link_target=\u00bb_blank\u00bb link=\u00bbhttp:\/\/www.avia.cat\/visitans\/llocs-dinteres\/estany-de-grauges-.html\u00bb][\/vc_column_inner][vc_column_inner width=\u00bb1\/4&#8243;][g5plus_heading layout_style=\u00bbstyle2&#8243; title=\u00bbLlocs d&#8217;inter\u00e9s\u00bb][g5plus_space desktop=\u00bb30&#8243; tablet=\u00bb30&#8243; tablet_portrait=\u00bb30&#8243; mobile_landscape=\u00bb30&#8243; mobile=\u00bb30&#8243;][vc_single_image image=\u00bb4904&#8243; img_size=\u00bb280&#215;160&#8243; onclick=\u00bbcustom_link\u00bb img_link_target=\u00bb_blank\u00bb link=\u00bbhttp:\/\/www.avia.cat\/visitans\/llocs-dinteres\/\u00bb][\/vc_column_inner][vc_column_inner width=\u00bb1\/4&#8243;][g5plus_heading layout_style=\u00bbstyle2&#8243; title=\u00bbRutes\u00bb][g5plus_space desktop=\u00bb30&#8243; tablet=\u00bb30&#8243; tablet_portrait=\u00bb30&#8243; mobile_landscape=\u00bb30&#8243; mobile=\u00bb30&#8243;][vc_single_image image=\u00bb4903&#8243; img_size=\u00bb280&#215;160&#8243; onclick=\u00bbcustom_link\u00bb img_link_target=\u00bb_blank\u00bb link=\u00bbhttp:\/\/www.avia.cat\/visitans\/rutes\/\u00bb][\/vc_column_inner][\/vc_row_inner][g5plus_space desktop=\u00bb70&#8243; tablet=\u00bb70&#8243; tablet_portrait=\u00bb60&#8243; mobile_landscape=\u00bb50&#8243; mobile=\u00bb40&#8243;][\/vc_column][\/vc_row][vc_row full_width=\u00bbstretch_row\u00bb css=\u00bb.vc_custom_1554890095774{background-image: url(http:\/\/berguedaturismerural.com\/wp-content\/uploads\/2017\/05\/background-02.jpg?id=78) !important;background-position: 0 0 !important;background-repeat: repeat !important;}\u00bb][vc_column][g5plus_space desktop=\u00bb103&#8243; tablet=\u00bb85&#8243; tablet_portrait=\u00bb65&#8243; mobile_landscape=\u00bb45&#8243; mobile=\u00bb45&#8243;][g5plus_heading sub_title=\u00bbTodo lo que puedes hacer en la comarca del Bergued\u00e0\u00bb title=\u00bbBERGUED\u00c0\u00bb text_align=\u00bbtext-center\u00bb color_scheme=\u00bbcolor-light\u00bb][g5plus_space desktop=\u00bb60&#8243; tablet=\u00bb60&#8243; tablet_portrait=\u00bb40&#8243; mobile_landscape=\u00bb30&#8243; mobile=\u00bb30&#8243;][vc_row_inner][vc_column_inner width=\u00bb1\/4&#8243;][g5plus_heading layout_style=\u00bbstyle2&#8243; title=\u00bbCastellar de N&#8217;Hug\u00bb color_scheme=\u00bbcolor-light\u00bb][g5plus_space desktop=\u00bb30&#8243; tablet=\u00bb30&#8243; tablet_portrait=\u00bb30&#8243; mobile_landscape=\u00bb30&#8243; mobile=\u00bb30&#8243;][vc_single_image image=\u00bb4876&#8243; img_size=\u00bb280&#215;160&#8243; onclick=\u00bbcustom_link\u00bb img_link_target=\u00bb_blank\u00bb link=\u00bbhttps:\/\/www.turismecastellardenhug.cat\/site\/\u00bb][\/vc_column_inner][vc_column_inner width=\u00bb1\/4&#8243;][g5plus_heading layout_style=\u00bbstyle2&#8243; title=\u00bbFonts Llobregat\u00bb color_scheme=\u00bbcolor-light\u00bb][g5plus_space desktop=\u00bb30&#8243; tablet=\u00bb30&#8243; tablet_portrait=\u00bb30&#8243; mobile_landscape=\u00bb30&#8243; mobile=\u00bb30&#8243;][vc_single_image image=\u00bb4878&#8243; img_size=\u00bb280&#215;160&#8243; onclick=\u00bbcustom_link\u00bb img_link_target=\u00bb_blank\u00bb link=\u00bbhttp:\/\/www.ajcastellardenhug.cat\/visitans\/que-visitar\/fitxa?uid=fc38d756b26e67ef4a666223145740e2&#8243;][\/vc_column_inner][vc_column_inner width=\u00bb1\/4&#8243;][g5plus_heading layout_style=\u00bbstyle2&#8243; title=\u00bbJardins Artigas\u00bb color_scheme=\u00bbcolor-light\u00bb][g5plus_space desktop=\u00bb30&#8243; tablet=\u00bb30&#8243; tablet_portrait=\u00bb30&#8243; mobile_landscape=\u00bb30&#8243; mobile=\u00bb30&#8243;][vc_single_image image=\u00bb4880&#8243; img_size=\u00bb280&#215;160&#8243; onclick=\u00bbcustom_link\u00bb img_link_target=\u00bb_blank\u00bb link=\u00bbhttp:\/\/www.avia.cat\/visitans\/rutes\/\u00bb][\/vc_column_inner][vc_column_inner width=\u00bb1\/4&#8243;][g5plus_heading layout_style=\u00bbstyle2&#8243; title=\u00bbTren del ciment\u00bb color_scheme=\u00bbcolor-light\u00bb][g5plus_space desktop=\u00bb30&#8243; tablet=\u00bb30&#8243; tablet_portrait=\u00bb30&#8243; mobile_landscape=\u00bb30&#8243; mobile=\u00bb30&#8243;][vc_single_image image=\u00bb4874&#8243; img_size=\u00bb280&#215;160&#8243; onclick=\u00bbcustom_link\u00bb img_link_target=\u00bb_blank\u00bb link=\u00bbhttp:\/\/www.poblalillet.cat\/turisme\/que-visitar\/tren-del-ciment\/\u00bb][\/vc_column_inner][\/vc_row_inner][g5plus_space desktop=\u00bb60&#8243; tablet=\u00bb60&#8243; tablet_portrait=\u00bb40&#8243; mobile_landscape=\u00bb30&#8243; mobile=\u00bb30&#8243;][vc_row_inner][vc_column_inner width=\u00bb1\/4&#8243;][g5plus_heading layout_style=\u00bbstyle2&#8243; title=\u00bbPedraforca\u00bb color_scheme=\u00bbcolor-light\u00bb][g5plus_space desktop=\u00bb30&#8243; tablet=\u00bb30&#8243; tablet_portrait=\u00bb30&#8243; mobile_landscape=\u00bb30&#8243; mobile=\u00bb30&#8243;][vc_single_image image=\u00bb4884&#8243; img_size=\u00bb280&#215;160&#8243; onclick=\u00bbcustom_link\u00bb img_link_target=\u00bb_blank\u00bb link=\u00bbhttp:\/\/www.visitpedraforca.com\/senderisme\/\u00bb][\/vc_column_inner][vc_column_inner width=\u00bb1\/4&#8243;][g5plus_heading layout_style=\u00bbstyle2&#8243; title=\u00bbSantuari Queralt\u00bb color_scheme=\u00bbcolor-light\u00bb][g5plus_space desktop=\u00bb30&#8243; tablet=\u00bb30&#8243; tablet_portrait=\u00bb30&#8243; mobile_landscape=\u00bb30&#8243; mobile=\u00bb30&#8243;][vc_single_image image=\u00bb4872&#8243; img_size=\u00bb280&#215;160&#8243; onclick=\u00bbcustom_link\u00bb img_link_target=\u00bb_blank\u00bb link=\u00bbhttp:\/\/www.avia.cat\/visitans\/rutes\/\u00bb][\/vc_column_inner][vc_column_inner width=\u00bb1\/4&#8243;][g5plus_heading layout_style=\u00bbstyle2&#8243; title=\u00bbRasos de Peguera\u00bb color_scheme=\u00bbcolor-light\u00bb][g5plus_space desktop=\u00bb30&#8243; tablet=\u00bb30&#8243; tablet_portrait=\u00bb30&#8243; mobile_landscape=\u00bb30&#8243; mobile=\u00bb30&#8243;][vc_single_image image=\u00bb4870&#8243; img_size=\u00bb280&#215;160&#8243; onclick=\u00bbcustom_link\u00bb img_link_target=\u00bb_blank\u00bb link=\u00bbhttp:\/\/www.rasos.net\/\u00bb][\/vc_column_inner][vc_column_inner width=\u00bb1\/4&#8243;][g5plus_heading layout_style=\u00bbstyle2&#8243; title=\u00bbVia ferrada\u00bb color_scheme=\u00bbcolor-light\u00bb][g5plus_space desktop=\u00bb30&#8243; tablet=\u00bb30&#8243; tablet_portrait=\u00bb30&#8243; mobile_landscape=\u00bb30&#8243; mobile=\u00bb30&#8243;][vc_single_image image=\u00bb4875&#8243; img_size=\u00bb280&#215;160&#8243; onclick=\u00bbcustom_link\u00bb img_link_target=\u00bb_blank\u00bb link=\u00bbhttp:\/\/www.espaiactiuvallcebre.cat\/\u00bb][\/vc_column_inner][\/vc_row_inner][g5plus_space desktop=\u00bb60&#8243; tablet=\u00bb60&#8243; tablet_portrait=\u00bb40&#8243; mobile_landscape=\u00bb30&#8243; mobile=\u00bb30&#8243;][vc_row_inner][vc_column_inner width=\u00bb1\/4&#8243;][g5plus_heading layout_style=\u00bbstyle2&#8243; title=\u00bbSalt amb parapent\u00bb color_scheme=\u00bbcolor-light\u00bb][g5plus_space desktop=\u00bb30&#8243; tablet=\u00bb30&#8243; tablet_portrait=\u00bb30&#8243; mobile_landscape=\u00bb30&#8243; mobile=\u00bb30&#8243;][vc_single_image image=\u00bb4882&#8243; img_size=\u00bb280&#215;160&#8243; onclick=\u00bbcustom_link\u00bb img_link_target=\u00bb_blank\u00bb link=\u00bbhttp:\/\/www.volem.net\/\u00bb][\/vc_column_inner][vc_column_inner width=\u00bb1\/4&#8243;][g5plus_heading layout_style=\u00bbstyle2&#8243; title=\u00bbDinosaures\u00bb color_scheme=\u00bbcolor-light\u00bb][g5plus_space desktop=\u00bb30&#8243; tablet=\u00bb30&#8243; tablet_portrait=\u00bb30&#8243; mobile_landscape=\u00bb30&#8243; mobile=\u00bb30&#8243;][vc_single_image image=\u00bb4885&#8243; img_size=\u00bb280&#215;160&#8243; onclick=\u00bbcustom_link\u00bb img_link_target=\u00bb_blank\u00bb link=\u00bbhttp:\/\/www.espaiactiuvallcebre.cat\/\u00bb][\/vc_column_inner][vc_column_inner width=\u00bb1\/4&#8243;][g5plus_heading layout_style=\u00bbstyle2&#8243; title=\u00bbMines de Cercs\u00bb color_scheme=\u00bbcolor-light\u00bb][g5plus_space desktop=\u00bb30&#8243; tablet=\u00bb30&#8243; tablet_portrait=\u00bb30&#8243; mobile_landscape=\u00bb30&#8243; mobile=\u00bb30&#8243;][vc_single_image image=\u00bb4881&#8243; img_size=\u00bb280&#215;160&#8243; onclick=\u00bbcustom_link\u00bb img_link_target=\u00bb_blank\u00bb link=\u00bbhttp:\/\/www.mmcercs.cat\/\u00bb][\/vc_column_inner][vc_column_inner width=\u00bb1\/4&#8243;][g5plus_heading layout_style=\u00bbstyle2&#8243; title=\u00bbPont rom\u00e0 de Sant Quirze de Pedret\u00bb color_scheme=\u00bbcolor-light\u00bb][g5plus_space desktop=\u00bb30&#8243; tablet=\u00bb30&#8243; tablet_portrait=\u00bb30&#8243; mobile_landscape=\u00bb30&#8243; mobile=\u00bb30&#8243;][vc_single_image image=\u00bb4869&#8243; img_size=\u00bb280&#215;160&#8243; onclick=\u00bbcustom_link\u00bb img_link_target=\u00bb_blank\u00bb link=\u00bbhttps:\/\/www.elbergueda.cat\/es\/pl165\/descobreix\/en-familia\/rutes\/id489\/pedret-i-el-riu-llobregat.htm\u00bb][\/vc_column_inner][\/vc_row_inner][g5plus_space desktop=\u00bb60&#8243; tablet=\u00bb60&#8243; tablet_portrait=\u00bb40&#8243; mobile_landscape=\u00bb30&#8243; mobile=\u00bb30&#8243;][vc_row_inner][vc_column_inner width=\u00bb1\/4&#8243;][g5plus_heading layout_style=\u00bbstyle2&#8243; title=\u00bbFuives, centre mundial del Ruc Catal\u00e0\u00bb color_scheme=\u00bbcolor-light\u00bb][g5plus_space desktop=\u00bb30&#8243; tablet=\u00bb30&#8243; tablet_portrait=\u00bb30&#8243; mobile_landscape=\u00bb30&#8243; mobile=\u00bb30&#8243;][vc_single_image image=\u00bb4879&#8243; img_size=\u00bb280&#215;160&#8243; onclick=\u00bbcustom_link\u00bb img_link_target=\u00bb_blank\u00bb link=\u00bbhttp:\/\/fuives.com\/\u00bb][\/vc_column_inner][vc_column_inner width=\u00bb1\/4&#8243;][g5plus_heading layout_style=\u00bbstyle2&#8243; title=\u00bbCol\u00f2nies industrials del Riu Llobregat\u00bb color_scheme=\u00bbcolor-light\u00bb][g5plus_space desktop=\u00bb30&#8243; tablet=\u00bb30&#8243; tablet_portrait=\u00bb30&#8243; mobile_landscape=\u00bb30&#8243; mobile=\u00bb30&#8243;][vc_single_image image=\u00bb4877&#8243; img_size=\u00bb280&#215;160&#8243; onclick=\u00bbcustom_link\u00bb img_link_target=\u00bb_blank\u00bb link=\u00bbhttps:\/\/www.femturisme.cat\/ca\/rutes\/ruta-colonies-textils-al-bergueda\u00bb][\/vc_column_inner][vc_column_inner width=\u00bb1\/4&#8243;][g5plus_heading layout_style=\u00bbstyle2&#8243; title=\u00bbTasts de vins a domicili\u00bb color_scheme=\u00bbcolor-light\u00bb][g5plus_space desktop=\u00bb30&#8243; tablet=\u00bb30&#8243; tablet_portrait=\u00bb30&#8243; mobile_landscape=\u00bb30&#8243; mobile=\u00bb30&#8243;][vc_single_image image=\u00bb4873&#8243; img_size=\u00bb280&#215;160&#8243; onclick=\u00bbcustom_link\u00bb img_link_target=\u00bb_blank\u00bb link=\u00bbhttp:\/\/berguedaturismerural.com\/wp-content\/uploads\/2019\/04\/vi.jpg\u00bb][\/vc_column_inner][vc_column_inner width=\u00bb1\/4&#8243;][g5plus_heading layout_style=\u00bbstyle2&#8243; title=\u00bbLa Patum\u00bb color_scheme=\u00bbcolor-light\u00bb][g5plus_space desktop=\u00bb30&#8243; tablet=\u00bb30&#8243; tablet_portrait=\u00bb30&#8243; mobile_landscape=\u00bb30&#8243; mobile=\u00bb30&#8243;][vc_single_image image=\u00bb4883&#8243; img_size=\u00bb280&#215;160&#8243; onclick=\u00bbcustom_link\u00bb img_link_target=\u00bb_blank\u00bb link=\u00bbhttp:\/\/www.lapatum.cat\/\u00bb][\/vc_column_inner][\/vc_row_inner][g5plus_space desktop=\u00bb60&#8243; tablet=\u00bb60&#8243; tablet_portrait=\u00bb40&#8243; mobile_landscape=\u00bb30&#8243; mobile=\u00bb30&#8243;][\/vc_column][\/vc_row][vc_row disable_element=\u00bbyes\u00bb el_id=\u00bbplaces\u00bb][vc_column][g5plus_space desktop=\u00bb100&#8243; tablet=\u00bb100&#8243; tablet_portrait=\u00bb60&#8243; mobile_landscape=\u00bb50&#8243; mobile=\u00bb40&#8243;][g5plus_heading sub_title=\u00bbEncuentra el lugar que buscas cerca de Cal Salvans\u00bb title=\u00bbSITIOS DE INTER\u00c9S\u00bb text_align=\u00bbtext-center\u00bb][g5plus_space desktop=\u00bb60&#8243; tablet=\u00bb60&#8243; tablet_portrait=\u00bb40&#8243; mobile_landscape=\u00bb30&#8243; mobile=\u00bb30&#8243;][g5plus_nearby_places lat=\u00bb40.6036514&#8243; lng=\u00bb-74.1130186&#8243; nearby_places_radius=\u00bb6000&#8243; set_map_height=\u00bb500&#8243; nearby_places_fields=\u00bb%5B%7B%22nearby_places_select_field_type%22%3A%22aquarium%22%2C%22nearby_places_field_label%22%3A%22Aquarium%22%2C%22nearby_places_field_icon%22%3A%22107%22%7D%2C%7B%22nearby_places_select_field_type%22%3A%22amusement_park%22%2C%22nearby_places_field_label%22%3A%22Amusement%20Park%22%2C%22nearby_places_field_icon%22%3A%22106%22%7D%2C%7B%22nearby_places_select_field_type%22%3A%22restaurant%22%2C%22nearby_places_field_label%22%3A%22Restaurant%22%2C%22nearby_places_field_icon%22%3A%22162%22%7D%2C%7B%22nearby_places_select_field_type%22%3A%22airport%22%2C%22nearby_places_field_label%22%3A%22Airport%22%2C%22nearby_places_field_icon%22%3A%22105%22%7D%2C%7B%22nearby_places_select_field_type%22%3A%22atm%22%2C%22nearby_places_field_label%22%3A%22ATM%22%2C%22nearby_places_field_icon%22%3A%22108%22%7D%2C%7B%22nearby_places_select_field_type%22%3A%22plumber%22%2C%22nearby_places_field_label%22%3A%22Plumber%22%2C%22nearby_places_field_icon%22%3A%22159%22%7D%2C%7B%22nearby_places_select_field_type%22%3A%22taxi_stand%22%2C%22nearby_places_field_label%22%3A%22Taxi%20Stand%22%2C%22nearby_places_field_icon%22%3A%22171%22%7D%2C%7B%22nearby_places_select_field_type%22%3A%22train_station%22%2C%22nearby_places_field_label%22%3A%22Train%20Station%22%2C%22nearby_places_field_icon%22%3A%22172%22%7D%2C%7B%22nearby_places_select_field_type%22%3A%22travel_agency%22%2C%22nearby_places_field_label%22%3A%22Travel%20Agency%22%2C%22nearby_places_field_icon%22%3A%22173%22%7D%2C%7B%22nearby_places_select_field_type%22%3A%22university%22%2C%22nearby_places_field_label%22%3A%22University%22%2C%22nearby_places_field_icon%22%3A%22174%22%7D%2C%7B%22nearby_places_select_field_type%22%3A%22park%22%2C%22nearby_places_field_label%22%3A%22Park%22%2C%22nearby_places_field_icon%22%3A%22106%22%7D%2C%7B%22nearby_places_select_field_type%22%3A%22school%22%2C%22nearby_places_field_label%22%3A%22School%22%2C%22nearby_places_field_icon%22%3A%22163%22%7D%5D\u00bb][g5plus_space desktop=\u00bb100&#8243; tablet=\u00bb60&#8243; tablet_portrait=\u00bb60&#8243; mobile_landscape=\u00bb50&#8243; mobile=\u00bb40&#8243;][\/vc_column][\/vc_row][vc_row full_width=\u00bbstretch_row\u00bb css=\u00bb.vc_custom_1486093513451{background-color: #191919 !important;}\u00bb][vc_column][vc_widget_sidebar sidebar_id=\u00bbfooter-1&#8243; el_class=\u00bbtext-center custom-widget-footer\u00bb][\/vc_column][\/vc_row][vc_row full_width=\u00bbstretch_row\u00bb content_placement=\u00bbmiddle\u00bb disable_element=\u00bbyes\u00bb css=\u00bb.vc_custom_1555344663065{padding-top: 41px !important;padding-bottom: 40px !important;background-color: #2a2a2a !important;}\u00bb][vc_column width=\u00bb1\/12&#8243; offset=\u00bbvc_col-xs-2&#8243; el_class=\u00bbcol-mb-3&#8243;][vc_single_image image=\u00bb62&#8243; img_size=\u00bb69&#215;69&#8243;][\/vc_column][vc_column width=\u00bb1\/4&#8243; css=\u00bb.vc_custom_1480561628834{padding-top: 7px !important;}\u00bb offset=\u00bbvc_col-xs-9&#8243;][vc_column_text]<\/p>\n<p class=\"fs-18 fw-semi-bold spacing-100\" style=\"color: #ffffff; margin-bottom: -3px;\">OUR<\/p>\n<h3 class=\"fs-26 fw-semi-bold spacing-100\"><span style=\"color: #ffffff;\">NEWSLETTER<\/span><\/h3>\n<p>[\/vc_column_text][\/vc_column][vc_column width=\u00bb2\/3&#8243; el_class=\u00bbxs-mg-top-25&#8243;][vc_column_text]<script>(function() {\n\twindow.mc4wp = window.mc4wp || {\n\t\tlisteners: [],\n\t\tforms: {\n\t\t\ton: function(evt, cb) {\n\t\t\t\twindow.mc4wp.listeners.push(\n\t\t\t\t\t{\n\t\t\t\t\t\tevent   : evt,\n\t\t\t\t\t\tcallback: cb\n\t\t\t\t\t}\n\t\t\t\t);\n\t\t\t}\n\t\t}\n\t}\n})();\n<\/script><!-- Mailchimp for WordPress v4.10.6 - https:\/\/wordpress.org\/plugins\/mailchimp-for-wp\/ --><form id=\"mc4wp-form-1\" class=\"mc4wp-form mc4wp-form-53\" method=\"post\" data-id=\"53\" data-name=\"mailchimp\" ><div class=\"mc4wp-form-fields\"><div class=\"g5plus-mailchimp\">  \n    <input type=\"email\" name=\"EMAIL\" class=\"form-control\" placeholder=\"ENTER YOUR E-MAIL ADDRESS..\" required \/>\n\t<button type=\"submit\" class=\"submit\"><i class=\"fa fa-paper-plane\"><\/i><\/button>\n<\/div><\/div><label style=\"display: none !important;\">Deja vac\u00edo este campo si eres humano: <input type=\"text\" name=\"_mc4wp_honeypot\" value=\"\" tabindex=\"-1\" autocomplete=\"off\" \/><\/label><input type=\"hidden\" name=\"_mc4wp_timestamp\" value=\"1775410106\" \/><input type=\"hidden\" name=\"_mc4wp_form_id\" value=\"53\" \/><input type=\"hidden\" name=\"_mc4wp_form_element_id\" value=\"mc4wp-form-1\" \/><div class=\"mc4wp-response\"><\/div><\/form><!-- \/ Mailchimp for WordPress Plugin -->[\/vc_column_text][\/vc_column][\/vc_row]<\/p>\n","protected":false},"excerpt":{"rendered":"<p>[vc_row full_width=\u00bbstretch_row_content_no_spaces\u00bb full_height=\u00bbyes\u00bb parallax=\u00bbcontent-moving\u00bb disable_element=\u00bbyes\u00bb css=\u00bb.vc_custom_1554885867916{background-image: url(http:\/\/berguedaturismerural.com\/wp-content\/uploads\/2017\/05\/property-01.jpg?id=47) !important;background-position: center;background-repeat: no-repeat !important;background-size: cover !important;}\u00bb el_id=\u00bbhome\u00bb][vc_column][g5plus_property_info address=\u00bb6035 W North Ave, Chicago, IL, United States\u00bb title=\u00bbApartment Morden 6035 W North Ave\u00bb price=\u00bb$136,020&#8243; after_price=\u00bbSale\u00bb values=\u00bb%5B%7B%22key%22%3A%22Area%22%2C%22value%22%3A%22320sqFt%22%2C%22icon_font%22%3A%22icon-blueprint%22%7D%2C%7B%22key%22%3A%22Bedroom%22%2C%22value%22%3A%223%22%2C%22icon_font%22%3A%22icon-room-bed%22%7D%2C%7B%22key%22%3A%22Bathroom%22%2C%22value%22%3A%222%22%2C%22icon_font%22%3A%22icon-bath%22%7D%2C%7B%22key%22%3A%22Garage%22%2C%22value%22%3A%221%22%2C%22icon_font%22%3A%22icon-garage%22%7D%5D\u00bb][\/vc_column][\/vc_row][vc_row full_width=\u00bbstretch_row\u00bb css=\u00bb.vc_custom_1554885958372{background-position: 0 0 !important;background-repeat: no-repeat !important;}\u00bb el_id=\u00bbabout\u00bb el_class=\u00bbbackground-position-right\u00bb][vc_column][g5plus_space desktop=\u00bb100&#8243; tablet=\u00bb80&#8243; tablet_portrait=\u00bb60&#8243; mobile_landscape=\u00bb50&#8243; mobile=\u00bb40&#8243;][vc_column_text el_class=\u00bbtext-center\u00bb] Cosas a hacer al\u00a0Bergued\u00e0. Inf\u00f3rmate de todo lo que [&hellip;]<\/p>\n","protected":false},"author":1,"featured_media":0,"parent":0,"menu_order":0,"comment_status":"closed","ping_status":"closed","template":"","meta":{"_exactmetrics_skip_tracking":false,"_exactmetrics_sitenote_active":false,"_exactmetrics_sitenote_note":"","_exactmetrics_sitenote_category":0,"_vp_format_video_url":"","_vp_image_focal_point":[],"footnotes":""},"class_list":["post-5005","page","type-page","status-publish","hentry"],"_links":{"self":[{"href":"https:\/\/berguedaturismerural.com\/es\/wp-json\/wp\/v2\/pages\/5005","targetHints":{"allow":["GET"]}}],"collection":[{"href":"https:\/\/berguedaturismerural.com\/es\/wp-json\/wp\/v2\/pages"}],"about":[{"href":"https:\/\/berguedaturismerural.com\/es\/wp-json\/wp\/v2\/types\/page"}],"author":[{"embeddable":true,"href":"https:\/\/berguedaturismerural.com\/es\/wp-json\/wp\/v2\/users\/1"}],"replies":[{"embeddable":true,"href":"https:\/\/berguedaturismerural.com\/es\/wp-json\/wp\/v2\/comments?post=5005"}],"version-history":[{"count":8,"href":"https:\/\/berguedaturismerural.com\/es\/wp-json\/wp\/v2\/pages\/5005\/revisions"}],"predecessor-version":[{"id":6073,"href":"https:\/\/berguedaturismerural.com\/es\/wp-json\/wp\/v2\/pages\/5005\/revisions\/6073"}],"wp:attachment":[{"href":"https:\/\/berguedaturismerural.com\/es\/wp-json\/wp\/v2\/media?parent=5005"}],"curies":[{"name":"wp","href":"https:\/\/api.w.org\/{rel}","templated":true}]}}